{"id":6267,"date":"2023-01-18T18:34:30","date_gmt":"2023-01-18T18:34:30","guid":{"rendered":"https:\/\/storex.lt\/my-account\/"},"modified":"2024-02-11T14:30:11","modified_gmt":"2024-02-11T14:30:11","slug":"my-account","status":"publish","type":"page","link":"https:\/\/www.storex-hallid.ee\/ru\/my-account\/","title":{"rendered":"My Account"},"content":{"rendered":"\t\t<div data-elementor-type=\"wp-page\" data-elementor-id=\"6267\" class=\"elementor elementor-6267 elementor-1022\" data-elementor-post-type=\"page\">\n\t\t\t\t<div class=\"elementor-element elementor-element-2bac29b e-flex e-con-boxed e-con e-parent\" data-id=\"2bac29b\" data-element_type=\"container\" data-e-type=\"container\" data-settings=\"{&quot;background_background&quot;:&quot;classic&quot;}\">\n\t\t\t\t\t<div class=\"e-con-inner\">\n\t\t\t\t\t<\/div>\n\t\t\t\t<\/div>\n\t\t\t\t<section class=\"elementor-section elementor-top-section elementor-element elementor-element-403a80f5 elementor-section-boxed elementor-section-height-default elementor-section-height-default\" data-id=\"403a80f5\" data-element_type=\"section\" data-e-type=\"section\">\n\t\t\t\t\t\t<div class=\"elementor-container elementor-column-gap-default\">\n\t\t\t\t\t<div class=\"elementor-column elementor-col-100 elementor-top-column elementor-element elementor-element-3201bf1\" data-id=\"3201bf1\" data-element_type=\"column\" data-e-type=\"column\">\n\t\t\t<div class=\"elementor-widget-wrap elementor-element-populated\">\n\t\t\t\t\t\t<div class=\"elementor-element elementor-element-c76c6d7 e-my-account-tabs-horizontal elementor-widget elementor-widget-woocommerce-my-account\" data-id=\"c76c6d7\" data-element_type=\"widget\" data-e-type=\"widget\" data-settings=\"{&quot;customize_dashboard_check&quot;:&quot;yes&quot;,&quot;forms_buttons_hover_animation&quot;:&quot;shrink&quot;}\" data-widget_type=\"woocommerce-my-account.default\">\n\t\t\t\t<div class=\"elementor-widget-container\">\n\t\t\t\t\t<div class=\"e-my-account-tab e-my-account-tab__ \">\t\t\t<div class=\"woocommerce\"><\/div>\t\t<\/div>\n\t\t\t\t\t\t<\/div>\n\t\t\t\t<\/div>\n\t\t\t\t\t<\/div>\n\t\t<\/div>\n\t\t\t\t\t<\/div>\n\t\t<\/section>\n\t\t\t\t<\/div>\n\t\t","protected":false},"excerpt":{"rendered":"<p>Prietais\u0173 skydelis U\u017esakymai Atsisiuntimai Adresai S\u0105skait\u0173 informacija Atsijungti Prietais\u0173 skydelis U\u017esakymai Atsisiuntimai Adresai S\u0105skait\u0173 informacija Atsijungti Hello Gintaras Kasiulionis (not Gintaras Kasiulionis? Log out) From your account dashboard you can view your recent orders, manage your shipping and billing addresses, and edit your password and account details.<\/p>\n","protected":false},"author":8,"featured_media":0,"parent":0,"menu_order":0,"comment_status":"closed","ping_status":"closed","template":"elementor_theme","meta":{"_acf_changed":false,"footnotes":""},"class_list":["post-6267","page","type-page","status-publish","hentry"],"acf":[],"yoast_head":"<!-- This site is optimized with the Yoast SEO plugin v27.4 - https:\/\/yoast.com\/product\/yoast-seo-wordpress\/ -->\n<title>My Account - \u0422\u0435\u043d\u0442\u043e\u0432\u044b\u0435 \u0430\u043d\u0433\u0430\u0440\u044b storex-hallid.ee<\/title>\n<meta name=\"robots\" content=\"index, follow, max-snippet:-1, max-image-preview:large, max-video-preview:-1\" \/>\n<link rel=\"canonical\" href=\"https:\/\/www.storex-hallid.ee\/ru\/my-account\/\" \/>\n<meta property=\"og:locale\" content=\"ru_RU\" \/>\n<meta property=\"og:type\" content=\"article\" \/>\n<meta property=\"og:title\" content=\"My Account - \u0422\u0435\u043d\u0442\u043e\u0432\u044b\u0435 \u0430\u043d\u0433\u0430\u0440\u044b storex-hallid.ee\" \/>\n<meta property=\"og:description\" content=\"Prietais\u0173 skydelis U\u017esakymai Atsisiuntimai Adresai S\u0105skait\u0173 informacija Atsijungti Prietais\u0173 skydelis U\u017esakymai Atsisiuntimai Adresai S\u0105skait\u0173 informacija Atsijungti Hello Gintaras Kasiulionis (not Gintaras Kasiulionis? Log out) From your account dashboard you can view your recent orders, manage your shipping and billing addresses, and edit your password and account details.\" \/>\n<meta property=\"og:url\" content=\"https:\/\/www.storex-hallid.ee\/ru\/my-account\/\" \/>\n<meta property=\"og:site_name\" content=\"\u0422\u0435\u043d\u0442\u043e\u0432\u044b\u0435 \u0430\u043d\u0433\u0430\u0440\u044b storex-hallid.ee\" \/>\n<meta property=\"article:modified_time\" content=\"2024-02-11T14:30:11+00:00\" \/>\n<meta name=\"twitter:card\" content=\"summary_large_image\" \/>\n<script type=\"application\/ld+json\" class=\"yoast-schema-graph\">{\"@context\":\"https:\\\/\\\/schema.org\",\"@graph\":[{\"@type\":\"WebPage\",\"@id\":\"https:\\\/\\\/www.storex-hallid.ee\\\/ru\\\/my-account\\\/\",\"url\":\"https:\\\/\\\/www.storex-hallid.ee\\\/ru\\\/my-account\\\/\",\"name\":\"My Account - \u0422\u0435\u043d\u0442\u043e\u0432\u044b\u0435 \u0430\u043d\u0433\u0430\u0440\u044b storex-hallid.ee\",\"isPartOf\":{\"@id\":\"https:\\\/\\\/www.storex-hallid.ee\\\/ru\\\/#website\"},\"datePublished\":\"2023-01-18T18:34:30+00:00\",\"dateModified\":\"2024-02-11T14:30:11+00:00\",\"breadcrumb\":{\"@id\":\"https:\\\/\\\/www.storex-hallid.ee\\\/ru\\\/my-account\\\/#breadcrumb\"},\"inLanguage\":\"ru-RU\",\"potentialAction\":[{\"@type\":\"ReadAction\",\"target\":[\"https:\\\/\\\/www.storex-hallid.ee\\\/ru\\\/my-account\\\/\"]}]},{\"@type\":\"BreadcrumbList\",\"@id\":\"https:\\\/\\\/www.storex-hallid.ee\\\/ru\\\/my-account\\\/#breadcrumb\",\"itemListElement\":[{\"@type\":\"ListItem\",\"position\":1,\"name\":\"Home\",\"item\":\"https:\\\/\\\/www.storex-hallid.ee\\\/ru\\\/\"},{\"@type\":\"ListItem\",\"position\":2,\"name\":\"My Account\"}]},{\"@type\":\"WebSite\",\"@id\":\"https:\\\/\\\/www.storex-hallid.ee\\\/ru\\\/#website\",\"url\":\"https:\\\/\\\/www.storex-hallid.ee\\\/ru\\\/\",\"name\":\"\u0422\u0435\u043d\u0442\u043e\u0432\u044b\u0435 \u0430\u043d\u0433\u0430\u0440\u044b storex-hallid.ee\",\"description\":\"\u0422\u0435\u043d\u0442\u043e\u0432\u044b\u0435 \u0430\u043d\u0433\u0430\u0440\u044b \u0441 \u0445\u043e\u0440\u043e\u0448\u0438\u043c\u0438 \u0446\u0435\u043d\u0430\u043c\u0438\",\"publisher\":{\"@id\":\"https:\\\/\\\/www.storex-hallid.ee\\\/ru\\\/#organization\"},\"potentialAction\":[{\"@type\":\"SearchAction\",\"target\":{\"@type\":\"EntryPoint\",\"urlTemplate\":\"https:\\\/\\\/www.storex-hallid.ee\\\/ru\\\/?s={search_term_string}\"},\"query-input\":{\"@type\":\"PropertyValueSpecification\",\"valueRequired\":true,\"valueName\":\"search_term_string\"}}],\"inLanguage\":\"ru-RU\"},{\"@type\":\"Organization\",\"@id\":\"https:\\\/\\\/www.storex-hallid.ee\\\/ru\\\/#organization\",\"name\":\"\u0422\u0435\u043d\u0442\u043e\u0432\u044b\u0435 \u0430\u043d\u0433\u0430\u0440\u044b storex-hallid.ee\",\"url\":\"https:\\\/\\\/www.storex-hallid.ee\\\/ru\\\/\",\"logo\":{\"@type\":\"ImageObject\",\"inLanguage\":\"ru-RU\",\"@id\":\"https:\\\/\\\/www.storex-hallid.ee\\\/ru\\\/#\\\/schema\\\/logo\\\/image\\\/\",\"url\":\"https:\\\/\\\/www.storex-hallid.ee\\\/wp-content\\\/uploads\\\/2024\\\/03\\\/STOREX_logo.png\",\"contentUrl\":\"https:\\\/\\\/www.storex-hallid.ee\\\/wp-content\\\/uploads\\\/2024\\\/03\\\/STOREX_logo.png\",\"width\":200,\"height\":76,\"caption\":\"\u0422\u0435\u043d\u0442\u043e\u0432\u044b\u0435 \u0430\u043d\u0433\u0430\u0440\u044b  storex-hallid.ee\"},\"image\":{\"@id\":\"https:\\\/\\\/www.storex-hallid.ee\\\/ru\\\/#\\\/schema\\\/logo\\\/image\\\/\"}}]}<\/script>\n<!-- \/ Yoast SEO plugin. -->","yoast_head_json":{"title":"My Account - \u0422\u0435\u043d\u0442\u043e\u0432\u044b\u0435 \u0430\u043d\u0433\u0430\u0440\u044b storex-hallid.ee","robots":{"index":"index","follow":"follow","max-snippet":"max-snippet:-1","max-image-preview":"max-image-preview:large","max-video-preview":"max-video-preview:-1"},"canonical":"https:\/\/www.storex-hallid.ee\/ru\/my-account\/","og_locale":"ru_RU","og_type":"article","og_title":"My Account - \u0422\u0435\u043d\u0442\u043e\u0432\u044b\u0435 \u0430\u043d\u0433\u0430\u0440\u044b storex-hallid.ee","og_description":"Prietais\u0173 skydelis U\u017esakymai Atsisiuntimai Adresai S\u0105skait\u0173 informacija Atsijungti Prietais\u0173 skydelis U\u017esakymai Atsisiuntimai Adresai S\u0105skait\u0173 informacija Atsijungti Hello Gintaras Kasiulionis (not Gintaras Kasiulionis? Log out) From your account dashboard you can view your recent orders, manage your shipping and billing addresses, and edit your password and account details.","og_url":"https:\/\/www.storex-hallid.ee\/ru\/my-account\/","og_site_name":"\u0422\u0435\u043d\u0442\u043e\u0432\u044b\u0435 \u0430\u043d\u0433\u0430\u0440\u044b storex-hallid.ee","article_modified_time":"2024-02-11T14:30:11+00:00","twitter_card":"summary_large_image","schema":{"@context":"https:\/\/schema.org","@graph":[{"@type":"WebPage","@id":"https:\/\/www.storex-hallid.ee\/ru\/my-account\/","url":"https:\/\/www.storex-hallid.ee\/ru\/my-account\/","name":"My Account - \u0422\u0435\u043d\u0442\u043e\u0432\u044b\u0435 \u0430\u043d\u0433\u0430\u0440\u044b storex-hallid.ee","isPartOf":{"@id":"https:\/\/www.storex-hallid.ee\/ru\/#website"},"datePublished":"2023-01-18T18:34:30+00:00","dateModified":"2024-02-11T14:30:11+00:00","breadcrumb":{"@id":"https:\/\/www.storex-hallid.ee\/ru\/my-account\/#breadcrumb"},"inLanguage":"ru-RU","potentialAction":[{"@type":"ReadAction","target":["https:\/\/www.storex-hallid.ee\/ru\/my-account\/"]}]},{"@type":"BreadcrumbList","@id":"https:\/\/www.storex-hallid.ee\/ru\/my-account\/#breadcrumb","itemListElement":[{"@type":"ListItem","position":1,"name":"Home","item":"https:\/\/www.storex-hallid.ee\/ru\/"},{"@type":"ListItem","position":2,"name":"My Account"}]},{"@type":"WebSite","@id":"https:\/\/www.storex-hallid.ee\/ru\/#website","url":"https:\/\/www.storex-hallid.ee\/ru\/","name":"\u0422\u0435\u043d\u0442\u043e\u0432\u044b\u0435 \u0430\u043d\u0433\u0430\u0440\u044b storex-hallid.ee","description":"\u0422\u0435\u043d\u0442\u043e\u0432\u044b\u0435 \u0430\u043d\u0433\u0430\u0440\u044b \u0441 \u0445\u043e\u0440\u043e\u0448\u0438\u043c\u0438 \u0446\u0435\u043d\u0430\u043c\u0438","publisher":{"@id":"https:\/\/www.storex-hallid.ee\/ru\/#organization"},"potentialAction":[{"@type":"SearchAction","target":{"@type":"EntryPoint","urlTemplate":"https:\/\/www.storex-hallid.ee\/ru\/?s={search_term_string}"},"query-input":{"@type":"PropertyValueSpecification","valueRequired":true,"valueName":"search_term_string"}}],"inLanguage":"ru-RU"},{"@type":"Organization","@id":"https:\/\/www.storex-hallid.ee\/ru\/#organization","name":"\u0422\u0435\u043d\u0442\u043e\u0432\u044b\u0435 \u0430\u043d\u0433\u0430\u0440\u044b storex-hallid.ee","url":"https:\/\/www.storex-hallid.ee\/ru\/","logo":{"@type":"ImageObject","inLanguage":"ru-RU","@id":"https:\/\/www.storex-hallid.ee\/ru\/#\/schema\/logo\/image\/","url":"https:\/\/www.storex-hallid.ee\/wp-content\/uploads\/2024\/03\/STOREX_logo.png","contentUrl":"https:\/\/www.storex-hallid.ee\/wp-content\/uploads\/2024\/03\/STOREX_logo.png","width":200,"height":76,"caption":"\u0422\u0435\u043d\u0442\u043e\u0432\u044b\u0435 \u0430\u043d\u0433\u0430\u0440\u044b  storex-hallid.ee"},"image":{"@id":"https:\/\/www.storex-hallid.ee\/ru\/#\/schema\/logo\/image\/"}}]}},"_links":{"self":[{"href":"https:\/\/www.storex-hallid.ee\/ru\/wp-json\/wp\/v2\/pages\/6267","targetHints":{"allow":["GET"]}}],"collection":[{"href":"https:\/\/www.storex-hallid.ee\/ru\/wp-json\/wp\/v2\/pages"}],"about":[{"href":"https:\/\/www.storex-hallid.ee\/ru\/wp-json\/wp\/v2\/types\/page"}],"author":[{"embeddable":true,"href":"https:\/\/www.storex-hallid.ee\/ru\/wp-json\/wp\/v2\/users\/8"}],"replies":[{"embeddable":true,"href":"https:\/\/www.storex-hallid.ee\/ru\/wp-json\/wp\/v2\/comments?post=6267"}],"version-history":[{"count":0,"href":"https:\/\/www.storex-hallid.ee\/ru\/wp-json\/wp\/v2\/pages\/6267\/revisions"}],"wp:attachment":[{"href":"https:\/\/www.storex-hallid.ee\/ru\/wp-json\/wp\/v2\/media?parent=6267"}],"curies":[{"name":"wp","href":"https:\/\/api.w.org\/{rel}","templated":true}]}}